{"id":875,"date":"2014-02-19T16:57:06","date_gmt":"2014-02-19T15:57:06","guid":{"rendered":"http:\/\/www.ateliermanufactura.com\/en\/product\/homann-historical-map-of-earth\/"},"modified":"2022-03-18T18:45:27","modified_gmt":"2022-03-18T17:45:27","slug":"homann-historical-map-of-earth","status":"publish","type":"product","link":"https:\/\/www.ateliermanufactura.com\/en\/product\/homann-historical-map-of-earth\/","title":{"rendered":"Homann, Johann Baptist &#8211; Map of Earth"},"content":{"rendered":"<h1>Johann Baptist Homann &#8211; Map of Earth<\/h1>\n<p><strong>Title:<\/strong>\u00a0Planiglobii terrestris cum utroq hemisph\u00e6rio c\u00e6lesti generalis repr\u00e6sentatio.<br \/>\n<strong>Contributor Names:<\/strong>\u00a0Homann, Johann Baptist, 1663-1724.<br \/>\n<strong>Created \/ Published:\u00a0<\/strong>[S.l., 1716?].<br \/>\n<strong>Medium:<\/strong>\u00a01 map : col. ; 2 hemispheres 30 cm. in diam., on sheet 54 x 62 cm.<\/p>\n<address>\u00a9 Historical Institute of the Czech Academy of Sciences, Prague.<\/address>\n","protected":false},"excerpt":{"rendered":"<h2>Edition of hand-made paper prints<\/h2>\n<p>Each sheet of paper is individually produced using traditional, hand-made technique.<br \/>\nSelection of material (100% cotton) and attention to detail garantees unique appearance of each sheet of paper with a minimum life expectancy of 300 years.<br \/>\nThe print is treated with UV filter to prevent fading.<br \/>\nProduction of paper: Velke Losiny Paper Mill, Prague<br \/>\nPrinting: Atelier Manufactura\u00a9 Prague<\/p>\n","protected":false},"featured_media":877,"comment_status":"open","ping_status":"closed","template":"","meta":[],"product_brand":[],"product_cat":[22],"product_tag":[79],"class_list":{"0":"post-875","1":"product","2":"type-product","3":"status-publish","4":"has-post-thumbnail","6":"product_cat-old-maps","7":"product_tag-old-maps","8":"pa_size-a2-58-x-42-cm-23-4-x-16-5-in","9":"pa_size-a3-40x30","11":"first","12":"instock","13":"taxable","14":"shipping-taxable","15":"purchasable","16":"product-type-variable"},"yoast_head":"<!-- This site is optimized with the Yoast SEO plugin v27.4 - https:\/\/yoast.com\/product\/yoast-seo-wordpress\/ -->\n<title>Johann Baptista Homann - Map of Earth<\/title>\n<meta name=\"description\" content=\"Johann Baptist Homann - Map of Earth. Title:\u00a0Planiglobii terrestris cum utroq hemisph\u00e6rio c\u00e6lesti generalis repr\u00e6sentatio.Contributor Names:\u00a0Homann, Johann Baptist, 1663-1724.Created \/ Published:\u00a0[S.l., 1716?].Medium:\u00a01 map : col. ; 2 hemispheres 30 cm. in diam., on sheet 54 x 62 cm.\" \/>\n<meta name=\"robots\" content=\"index, follow, max-snippet:-1, max-image-preview:large, max-video-preview:-1\" \/>\n<link rel=\"canonical\" href=\"https:\/\/www.ateliermanufactura.com\/en\/product\/homann-historical-map-of-earth\/\" \/>\n<meta property=\"og:locale\" content=\"en_US\" \/>\n<meta property=\"og:type\" content=\"article\" \/>\n<meta property=\"og:title\" content=\"Johann Baptista Homann - Map of Earth\" \/>\n<meta property=\"og:description\" content=\"Johann Baptist Homann - Map of Earth. Title:\u00a0Planiglobii terrestris cum utroq hemisph\u00e6rio c\u00e6lesti generalis repr\u00e6sentatio.Contributor Names:\u00a0Homann, Johann Baptist, 1663-1724.Created \/ Published:\u00a0[S.l., 1716?].Medium:\u00a01 map : col. ; 2 hemispheres 30 cm. in diam., on sheet 54 x 62 cm.\" \/>\n<meta property=\"og:url\" content=\"https:\/\/www.ateliermanufactura.com\/en\/product\/homann-historical-map-of-earth\/\" \/>\n<meta property=\"og:site_name\" content=\"Atelier Manufactura - Fine Art Print\" \/>\n<meta property=\"article:modified_time\" content=\"2022-03-18T17:45:27+00:00\" \/>\n<meta property=\"og:image\" content=\"https:\/\/www.ateliermanufactura.com\/en\/wp-content\/upLoads\/sites\/5\/2014\/02\/ct000123_mini_mini.jpg\" \/>\n\t<meta property=\"og:image:width\" content=\"1000\" \/>\n\t<meta property=\"og:image:height\" content=\"1000\" \/>\n\t<meta property=\"og:image:type\" content=\"image\/jpeg\" \/>\n<script type=\"application\/ld+json\" class=\"yoast-schema-graph\">{\"@context\":\"https:\\\/\\\/schema.org\",\"@graph\":[{\"@type\":\"WebPage\",\"@id\":\"https:\\\/\\\/www.ateliermanufactura.com\\\/en\\\/product\\\/homann-historical-map-of-earth\\\/\",\"url\":\"https:\\\/\\\/www.ateliermanufactura.com\\\/en\\\/product\\\/homann-historical-map-of-earth\\\/\",\"name\":\"Johann Baptista Homann - Map of Earth\",\"isPartOf\":{\"@id\":\"https:\\\/\\\/www.ateliermanufactura.com\\\/en\\\/#website\"},\"primaryImageOfPage\":{\"@id\":\"https:\\\/\\\/www.ateliermanufactura.com\\\/en\\\/product\\\/homann-historical-map-of-earth\\\/#primaryimage\"},\"image\":{\"@id\":\"https:\\\/\\\/www.ateliermanufactura.com\\\/en\\\/product\\\/homann-historical-map-of-earth\\\/#primaryimage\"},\"thumbnailUrl\":\"https:\\\/\\\/www.ateliermanufactura.com\\\/en\\\/wp-content\\\/upLoads\\\/sites\\\/5\\\/2014\\\/02\\\/ct000123_mini_mini.jpg\",\"datePublished\":\"2014-02-19T15:57:06+00:00\",\"dateModified\":\"2022-03-18T17:45:27+00:00\",\"description\":\"Johann Baptist Homann - Map of Earth. Title:\u00a0Planiglobii terrestris cum utroq hemisph\u00e6rio c\u00e6lesti generalis repr\u00e6sentatio.Contributor Names:\u00a0Homann, Johann Baptist, 1663-1724.Created \\\/ Published:\u00a0[S.l., 1716?].Medium:\u00a01 map : col. ; 2 hemispheres 30 cm. in diam., on sheet 54 x 62 cm.\",\"breadcrumb\":{\"@id\":\"https:\\\/\\\/www.ateliermanufactura.com\\\/en\\\/product\\\/homann-historical-map-of-earth\\\/#breadcrumb\"},\"inLanguage\":\"en-US\",\"potentialAction\":[{\"@type\":\"ReadAction\",\"target\":[\"https:\\\/\\\/www.ateliermanufactura.com\\\/en\\\/product\\\/homann-historical-map-of-earth\\\/\"]}]},{\"@type\":\"ImageObject\",\"inLanguage\":\"en-US\",\"@id\":\"https:\\\/\\\/www.ateliermanufactura.com\\\/en\\\/product\\\/homann-historical-map-of-earth\\\/#primaryimage\",\"url\":\"https:\\\/\\\/www.ateliermanufactura.com\\\/en\\\/wp-content\\\/upLoads\\\/sites\\\/5\\\/2014\\\/02\\\/ct000123_mini_mini.jpg\",\"contentUrl\":\"https:\\\/\\\/www.ateliermanufactura.com\\\/en\\\/wp-content\\\/upLoads\\\/sites\\\/5\\\/2014\\\/02\\\/ct000123_mini_mini.jpg\",\"width\":1000,\"height\":1000,\"caption\":\"Johann Baptist Homann \u2013 Map of Earth\"},{\"@type\":\"BreadcrumbList\",\"@id\":\"https:\\\/\\\/www.ateliermanufactura.com\\\/en\\\/product\\\/homann-historical-map-of-earth\\\/#breadcrumb\",\"itemListElement\":[{\"@type\":\"ListItem\",\"position\":1,\"name\":\"Shop\",\"item\":\"https:\\\/\\\/www.ateliermanufactura.com\\\/en\\\/shop\\\/\"},{\"@type\":\"ListItem\",\"position\":2,\"name\":\"Homann, Johann Baptist &#8211; Map of Earth\"}]},{\"@type\":\"WebSite\",\"@id\":\"https:\\\/\\\/www.ateliermanufactura.com\\\/en\\\/#website\",\"url\":\"https:\\\/\\\/www.ateliermanufactura.com\\\/en\\\/\",\"name\":\"Atelier Manufactura - Fine Art Print\",\"description\":\"Atelier Manufactura - Fine Art Print on hand-made paper\",\"potentialAction\":[{\"@type\":\"SearchAction\",\"target\":{\"@type\":\"EntryPoint\",\"urlTemplate\":\"https:\\\/\\\/www.ateliermanufactura.com\\\/en\\\/?s={search_term_string}\"},\"query-input\":{\"@type\":\"PropertyValueSpecification\",\"valueRequired\":true,\"valueName\":\"search_term_string\"}}],\"inLanguage\":\"en-US\"}]}<\/script>\n<!-- \/ Yoast SEO plugin. -->","yoast_head_json":{"title":"Johann Baptista Homann - Map of Earth","description":"Johann Baptist Homann - Map of Earth. Title:\u00a0Planiglobii terrestris cum utroq hemisph\u00e6rio c\u00e6lesti generalis repr\u00e6sentatio.Contributor Names:\u00a0Homann, Johann Baptist, 1663-1724.Created \/ Published:\u00a0[S.l., 1716?].Medium:\u00a01 map : col. ; 2 hemispheres 30 cm. in diam., on sheet 54 x 62 cm.","robots":{"index":"index","follow":"follow","max-snippet":"max-snippet:-1","max-image-preview":"max-image-preview:large","max-video-preview":"max-video-preview:-1"},"canonical":"https:\/\/www.ateliermanufactura.com\/en\/product\/homann-historical-map-of-earth\/","og_locale":"en_US","og_type":"article","og_title":"Johann Baptista Homann - Map of Earth","og_description":"Johann Baptist Homann - Map of Earth. Title:\u00a0Planiglobii terrestris cum utroq hemisph\u00e6rio c\u00e6lesti generalis repr\u00e6sentatio.Contributor Names:\u00a0Homann, Johann Baptist, 1663-1724.Created \/ Published:\u00a0[S.l., 1716?].Medium:\u00a01 map : col. ; 2 hemispheres 30 cm. in diam., on sheet 54 x 62 cm.","og_url":"https:\/\/www.ateliermanufactura.com\/en\/product\/homann-historical-map-of-earth\/","og_site_name":"Atelier Manufactura - Fine Art Print","article_modified_time":"2022-03-18T17:45:27+00:00","og_image":[{"width":1000,"height":1000,"url":"https:\/\/www.ateliermanufactura.com\/en\/wp-content\/upLoads\/sites\/5\/2014\/02\/ct000123_mini_mini.jpg","type":"image\/jpeg"}],"schema":{"@context":"https:\/\/schema.org","@graph":[{"@type":"WebPage","@id":"https:\/\/www.ateliermanufactura.com\/en\/product\/homann-historical-map-of-earth\/","url":"https:\/\/www.ateliermanufactura.com\/en\/product\/homann-historical-map-of-earth\/","name":"Johann Baptista Homann - Map of Earth","isPartOf":{"@id":"https:\/\/www.ateliermanufactura.com\/en\/#website"},"primaryImageOfPage":{"@id":"https:\/\/www.ateliermanufactura.com\/en\/product\/homann-historical-map-of-earth\/#primaryimage"},"image":{"@id":"https:\/\/www.ateliermanufactura.com\/en\/product\/homann-historical-map-of-earth\/#primaryimage"},"thumbnailUrl":"https:\/\/www.ateliermanufactura.com\/en\/wp-content\/upLoads\/sites\/5\/2014\/02\/ct000123_mini_mini.jpg","datePublished":"2014-02-19T15:57:06+00:00","dateModified":"2022-03-18T17:45:27+00:00","description":"Johann Baptist Homann - Map of Earth. Title:\u00a0Planiglobii terrestris cum utroq hemisph\u00e6rio c\u00e6lesti generalis repr\u00e6sentatio.Contributor Names:\u00a0Homann, Johann Baptist, 1663-1724.Created \/ Published:\u00a0[S.l., 1716?].Medium:\u00a01 map : col. ; 2 hemispheres 30 cm. in diam., on sheet 54 x 62 cm.","breadcrumb":{"@id":"https:\/\/www.ateliermanufactura.com\/en\/product\/homann-historical-map-of-earth\/#breadcrumb"},"inLanguage":"en-US","potentialAction":[{"@type":"ReadAction","target":["https:\/\/www.ateliermanufactura.com\/en\/product\/homann-historical-map-of-earth\/"]}]},{"@type":"ImageObject","inLanguage":"en-US","@id":"https:\/\/www.ateliermanufactura.com\/en\/product\/homann-historical-map-of-earth\/#primaryimage","url":"https:\/\/www.ateliermanufactura.com\/en\/wp-content\/upLoads\/sites\/5\/2014\/02\/ct000123_mini_mini.jpg","contentUrl":"https:\/\/www.ateliermanufactura.com\/en\/wp-content\/upLoads\/sites\/5\/2014\/02\/ct000123_mini_mini.jpg","width":1000,"height":1000,"caption":"Johann Baptist Homann \u2013 Map of Earth"},{"@type":"BreadcrumbList","@id":"https:\/\/www.ateliermanufactura.com\/en\/product\/homann-historical-map-of-earth\/#breadcrumb","itemListElement":[{"@type":"ListItem","position":1,"name":"Shop","item":"https:\/\/www.ateliermanufactura.com\/en\/shop\/"},{"@type":"ListItem","position":2,"name":"Homann, Johann Baptist &#8211; Map of Earth"}]},{"@type":"WebSite","@id":"https:\/\/www.ateliermanufactura.com\/en\/#website","url":"https:\/\/www.ateliermanufactura.com\/en\/","name":"Atelier Manufactura - Fine Art Print","description":"Atelier Manufactura - Fine Art Print on hand-made paper","potentialAction":[{"@type":"SearchAction","target":{"@type":"EntryPoint","urlTemplate":"https:\/\/www.ateliermanufactura.com\/en\/?s={search_term_string}"},"query-input":{"@type":"PropertyValueSpecification","valueRequired":true,"valueName":"search_term_string"}}],"inLanguage":"en-US"}]}},"_links":{"self":[{"href":"https:\/\/www.ateliermanufactura.com\/en\/wp-json\/wp\/v2\/product\/875","targetHints":{"allow":["GET"]}}],"collection":[{"href":"https:\/\/www.ateliermanufactura.com\/en\/wp-json\/wp\/v2\/product"}],"about":[{"href":"https:\/\/www.ateliermanufactura.com\/en\/wp-json\/wp\/v2\/types\/product"}],"replies":[{"embeddable":true,"href":"https:\/\/www.ateliermanufactura.com\/en\/wp-json\/wp\/v2\/comments?post=875"}],"wp:featuredmedia":[{"embeddable":true,"href":"https:\/\/www.ateliermanufactura.com\/en\/wp-json\/wp\/v2\/media\/877"}],"wp:attachment":[{"href":"https:\/\/www.ateliermanufactura.com\/en\/wp-json\/wp\/v2\/media?parent=875"}],"wp:term":[{"taxonomy":"product_brand","embeddable":true,"href":"https:\/\/www.ateliermanufactura.com\/en\/wp-json\/wp\/v2\/product_brand?post=875"},{"taxonomy":"product_cat","embeddable":true,"href":"https:\/\/www.ateliermanufactura.com\/en\/wp-json\/wp\/v2\/product_cat?post=875"},{"taxonomy":"product_tag","embeddable":true,"href":"https:\/\/www.ateliermanufactura.com\/en\/wp-json\/wp\/v2\/product_tag?post=875"}],"curies":[{"name":"wp","href":"https:\/\/api.w.org\/{rel}","templated":true}]}}