{"id":1528,"date":"2019-03-02T17:06:30","date_gmt":"2019-03-02T16:06:30","guid":{"rendered":"https:\/\/www.ateliermanufactura.com\/en\/?post_type=product&#038;p=1528"},"modified":"2021-03-17T09:29:44","modified_gmt":"2021-03-17T08:29:44","slug":"tobias-conrad-lotter-potentia-archiducum-austriae-1760","status":"publish","type":"product","link":"https:\/\/www.ateliermanufactura.com\/en\/product\/tobias-conrad-lotter-potentia-archiducum-austriae-1760\/","title":{"rendered":"Tobias Conrad Lotter  \u2013 Potentia Archiducum Austriae (1760)"},"content":{"rendered":"<h3>Original cooper engraved map.<\/h3>\n<p><strong>Title:<\/strong>Potentia Archiducum Austriae<strong>\u00a0<\/strong><br \/>\n<strong>Date:<\/strong> studio et impensis Tob. Conradi Lotteri, 1760<br \/>\n<strong>Creator:<\/strong> Tobias Conrad Lotter<br \/>\n<strong>Medium:<\/strong> 1 print: cooper engraving, hand coloured.<br \/>\n<strong>Size:<\/strong> 515 x 610 mm (20.3 x 24 in)<\/p>\n<p><em><i>Potentia archiducum Austri\u00e6 sive circuli Austriaci delineatio: qua illius fines hodierni graphice et accurate exhibentur<\/i>\u00a0[M\u011b\u0159\u00edtko [ca 1:1 550 000]. 4,4 cm = 9 milliaria germanica. 3,8 cm = 30 milliaria italica]. Aug. Vindel.: studio et impensis Tob. Conradi Lotteri.<\/em><\/p>\n<p>&nbsp;<\/p>\n","protected":false},"excerpt":{"rendered":"<p>Original cooper engraved map. Title:Potentia Archiducum Austriae\u00a0 Date: studio et impensis Tob. Conradi Lotteri, 1760 Creator: Tobias Conrad Lotter Medium: 1 print: cooper engraving, hand coloured. Size: 515 x 610 mm (20.3 x 24 in) Potentia archiducum Austri\u00e6 sive circuli Austriaci delineatio: qua illius fines hodierni graphice et accurate exhibentur\u00a0[M\u011b\u0159\u00edtko [ca 1:1 550 000]. 4,4 [&hellip;]<\/p>\n","protected":false},"featured_media":1539,"comment_status":"open","ping_status":"closed","template":"","meta":[],"product_brand":[],"product_cat":[140,109],"product_tag":[110],"class_list":{"0":"post-1528","1":"product","2":"type-product","3":"status-publish","4":"has-post-thumbnail","6":"product_cat-antique-maps","7":"product_cat-antiques","8":"product_tag-antiques","10":"first","11":"outofstock","12":"taxable","13":"shipping-taxable","14":"purchasable","15":"product-type-simple"},"yoast_head":"<!-- This site is optimized with the Yoast SEO plugin v27.4 - https:\/\/yoast.com\/product\/yoast-seo-wordpress\/ -->\n<title>Tobias Conrad Lotter \u2013 Potentia Archiducum Austriae (1760) - Atelier Manufactura - Fine Art Print<\/title>\n<meta name=\"description\" content=\"Original cooper engraved map published in 1747.\" \/>\n<meta name=\"robots\" content=\"index, follow, max-snippet:-1, max-image-preview:large, max-video-preview:-1\" \/>\n<link rel=\"canonical\" href=\"https:\/\/www.ateliermanufactura.com\/en\/product\/tobias-conrad-lotter-potentia-archiducum-austriae-1760\/\" \/>\n<meta property=\"og:locale\" content=\"en_US\" \/>\n<meta property=\"og:type\" content=\"article\" \/>\n<meta property=\"og:title\" content=\"Tobias Conrad Lotter \u2013 Potentia Archiducum Austriae (1760) - Atelier Manufactura - Fine Art Print\" \/>\n<meta property=\"og:description\" content=\"Original cooper engraved map published in 1747.\" \/>\n<meta property=\"og:url\" content=\"https:\/\/www.ateliermanufactura.com\/en\/product\/tobias-conrad-lotter-potentia-archiducum-austriae-1760\/\" \/>\n<meta property=\"og:site_name\" content=\"Atelier Manufactura - Fine Art Print\" \/>\n<meta property=\"article:modified_time\" content=\"2021-03-17T08:29:44+00:00\" \/>\n<meta property=\"og:image\" content=\"https:\/\/www.ateliermanufactura.com\/en\/wp-content\/upLoads\/sites\/5\/2019\/03\/IMG_9597.jpg\" \/>\n\t<meta property=\"og:image:width\" content=\"1500\" \/>\n\t<meta property=\"og:image:height\" content=\"1500\" \/>\n\t<meta property=\"og:image:type\" content=\"image\/jpeg\" \/>\n<script type=\"application\/ld+json\" class=\"yoast-schema-graph\">{\"@context\":\"https:\\\/\\\/schema.org\",\"@graph\":[{\"@type\":\"WebPage\",\"@id\":\"https:\\\/\\\/www.ateliermanufactura.com\\\/en\\\/product\\\/tobias-conrad-lotter-potentia-archiducum-austriae-1760\\\/\",\"url\":\"https:\\\/\\\/www.ateliermanufactura.com\\\/en\\\/product\\\/tobias-conrad-lotter-potentia-archiducum-austriae-1760\\\/\",\"name\":\"Tobias Conrad Lotter \u2013 Potentia Archiducum Austriae (1760) - Atelier Manufactura - Fine Art Print\",\"isPartOf\":{\"@id\":\"https:\\\/\\\/www.ateliermanufactura.com\\\/en\\\/#website\"},\"primaryImageOfPage\":{\"@id\":\"https:\\\/\\\/www.ateliermanufactura.com\\\/en\\\/product\\\/tobias-conrad-lotter-potentia-archiducum-austriae-1760\\\/#primaryimage\"},\"image\":{\"@id\":\"https:\\\/\\\/www.ateliermanufactura.com\\\/en\\\/product\\\/tobias-conrad-lotter-potentia-archiducum-austriae-1760\\\/#primaryimage\"},\"thumbnailUrl\":\"https:\\\/\\\/www.ateliermanufactura.com\\\/en\\\/wp-content\\\/upLoads\\\/sites\\\/5\\\/2019\\\/03\\\/IMG_9597.jpg\",\"datePublished\":\"2019-03-02T16:06:30+00:00\",\"dateModified\":\"2021-03-17T08:29:44+00:00\",\"description\":\"Original cooper engraved map published in 1747.\",\"breadcrumb\":{\"@id\":\"https:\\\/\\\/www.ateliermanufactura.com\\\/en\\\/product\\\/tobias-conrad-lotter-potentia-archiducum-austriae-1760\\\/#breadcrumb\"},\"inLanguage\":\"en-US\",\"potentialAction\":[{\"@type\":\"ReadAction\",\"target\":[\"https:\\\/\\\/www.ateliermanufactura.com\\\/en\\\/product\\\/tobias-conrad-lotter-potentia-archiducum-austriae-1760\\\/\"]}]},{\"@type\":\"ImageObject\",\"inLanguage\":\"en-US\",\"@id\":\"https:\\\/\\\/www.ateliermanufactura.com\\\/en\\\/product\\\/tobias-conrad-lotter-potentia-archiducum-austriae-1760\\\/#primaryimage\",\"url\":\"https:\\\/\\\/www.ateliermanufactura.com\\\/en\\\/wp-content\\\/upLoads\\\/sites\\\/5\\\/2019\\\/03\\\/IMG_9597.jpg\",\"contentUrl\":\"https:\\\/\\\/www.ateliermanufactura.com\\\/en\\\/wp-content\\\/upLoads\\\/sites\\\/5\\\/2019\\\/03\\\/IMG_9597.jpg\",\"width\":1500,\"height\":1500},{\"@type\":\"BreadcrumbList\",\"@id\":\"https:\\\/\\\/www.ateliermanufactura.com\\\/en\\\/product\\\/tobias-conrad-lotter-potentia-archiducum-austriae-1760\\\/#breadcrumb\",\"itemListElement\":[{\"@type\":\"ListItem\",\"position\":1,\"name\":\"Shop\",\"item\":\"https:\\\/\\\/www.ateliermanufactura.com\\\/en\\\/shop\\\/\"},{\"@type\":\"ListItem\",\"position\":2,\"name\":\"Tobias Conrad Lotter \u2013 Potentia Archiducum Austriae (1760)\"}]},{\"@type\":\"WebSite\",\"@id\":\"https:\\\/\\\/www.ateliermanufactura.com\\\/en\\\/#website\",\"url\":\"https:\\\/\\\/www.ateliermanufactura.com\\\/en\\\/\",\"name\":\"Atelier Manufactura - Fine Art Print\",\"description\":\"Atelier Manufactura - Fine Art Print on hand-made paper\",\"potentialAction\":[{\"@type\":\"SearchAction\",\"target\":{\"@type\":\"EntryPoint\",\"urlTemplate\":\"https:\\\/\\\/www.ateliermanufactura.com\\\/en\\\/?s={search_term_string}\"},\"query-input\":{\"@type\":\"PropertyValueSpecification\",\"valueRequired\":true,\"valueName\":\"search_term_string\"}}],\"inLanguage\":\"en-US\"}]}<\/script>\n<!-- \/ Yoast SEO plugin. -->","yoast_head_json":{"title":"Tobias Conrad Lotter \u2013 Potentia Archiducum Austriae (1760) - Atelier Manufactura - Fine Art Print","description":"Original cooper engraved map published in 1747.","robots":{"index":"index","follow":"follow","max-snippet":"max-snippet:-1","max-image-preview":"max-image-preview:large","max-video-preview":"max-video-preview:-1"},"canonical":"https:\/\/www.ateliermanufactura.com\/en\/product\/tobias-conrad-lotter-potentia-archiducum-austriae-1760\/","og_locale":"en_US","og_type":"article","og_title":"Tobias Conrad Lotter \u2013 Potentia Archiducum Austriae (1760) - Atelier Manufactura - Fine Art Print","og_description":"Original cooper engraved map published in 1747.","og_url":"https:\/\/www.ateliermanufactura.com\/en\/product\/tobias-conrad-lotter-potentia-archiducum-austriae-1760\/","og_site_name":"Atelier Manufactura - Fine Art Print","article_modified_time":"2021-03-17T08:29:44+00:00","og_image":[{"width":1500,"height":1500,"url":"https:\/\/www.ateliermanufactura.com\/en\/wp-content\/upLoads\/sites\/5\/2019\/03\/IMG_9597.jpg","type":"image\/jpeg"}],"schema":{"@context":"https:\/\/schema.org","@graph":[{"@type":"WebPage","@id":"https:\/\/www.ateliermanufactura.com\/en\/product\/tobias-conrad-lotter-potentia-archiducum-austriae-1760\/","url":"https:\/\/www.ateliermanufactura.com\/en\/product\/tobias-conrad-lotter-potentia-archiducum-austriae-1760\/","name":"Tobias Conrad Lotter \u2013 Potentia Archiducum Austriae (1760) - Atelier Manufactura - Fine Art Print","isPartOf":{"@id":"https:\/\/www.ateliermanufactura.com\/en\/#website"},"primaryImageOfPage":{"@id":"https:\/\/www.ateliermanufactura.com\/en\/product\/tobias-conrad-lotter-potentia-archiducum-austriae-1760\/#primaryimage"},"image":{"@id":"https:\/\/www.ateliermanufactura.com\/en\/product\/tobias-conrad-lotter-potentia-archiducum-austriae-1760\/#primaryimage"},"thumbnailUrl":"https:\/\/www.ateliermanufactura.com\/en\/wp-content\/upLoads\/sites\/5\/2019\/03\/IMG_9597.jpg","datePublished":"2019-03-02T16:06:30+00:00","dateModified":"2021-03-17T08:29:44+00:00","description":"Original cooper engraved map published in 1747.","breadcrumb":{"@id":"https:\/\/www.ateliermanufactura.com\/en\/product\/tobias-conrad-lotter-potentia-archiducum-austriae-1760\/#breadcrumb"},"inLanguage":"en-US","potentialAction":[{"@type":"ReadAction","target":["https:\/\/www.ateliermanufactura.com\/en\/product\/tobias-conrad-lotter-potentia-archiducum-austriae-1760\/"]}]},{"@type":"ImageObject","inLanguage":"en-US","@id":"https:\/\/www.ateliermanufactura.com\/en\/product\/tobias-conrad-lotter-potentia-archiducum-austriae-1760\/#primaryimage","url":"https:\/\/www.ateliermanufactura.com\/en\/wp-content\/upLoads\/sites\/5\/2019\/03\/IMG_9597.jpg","contentUrl":"https:\/\/www.ateliermanufactura.com\/en\/wp-content\/upLoads\/sites\/5\/2019\/03\/IMG_9597.jpg","width":1500,"height":1500},{"@type":"BreadcrumbList","@id":"https:\/\/www.ateliermanufactura.com\/en\/product\/tobias-conrad-lotter-potentia-archiducum-austriae-1760\/#breadcrumb","itemListElement":[{"@type":"ListItem","position":1,"name":"Shop","item":"https:\/\/www.ateliermanufactura.com\/en\/shop\/"},{"@type":"ListItem","position":2,"name":"Tobias Conrad Lotter \u2013 Potentia Archiducum Austriae (1760)"}]},{"@type":"WebSite","@id":"https:\/\/www.ateliermanufactura.com\/en\/#website","url":"https:\/\/www.ateliermanufactura.com\/en\/","name":"Atelier Manufactura - Fine Art Print","description":"Atelier Manufactura - Fine Art Print on hand-made paper","potentialAction":[{"@type":"SearchAction","target":{"@type":"EntryPoint","urlTemplate":"https:\/\/www.ateliermanufactura.com\/en\/?s={search_term_string}"},"query-input":{"@type":"PropertyValueSpecification","valueRequired":true,"valueName":"search_term_string"}}],"inLanguage":"en-US"}]}},"_links":{"self":[{"href":"https:\/\/www.ateliermanufactura.com\/en\/wp-json\/wp\/v2\/product\/1528","targetHints":{"allow":["GET"]}}],"collection":[{"href":"https:\/\/www.ateliermanufactura.com\/en\/wp-json\/wp\/v2\/product"}],"about":[{"href":"https:\/\/www.ateliermanufactura.com\/en\/wp-json\/wp\/v2\/types\/product"}],"replies":[{"embeddable":true,"href":"https:\/\/www.ateliermanufactura.com\/en\/wp-json\/wp\/v2\/comments?post=1528"}],"wp:featuredmedia":[{"embeddable":true,"href":"https:\/\/www.ateliermanufactura.com\/en\/wp-json\/wp\/v2\/media\/1539"}],"wp:attachment":[{"href":"https:\/\/www.ateliermanufactura.com\/en\/wp-json\/wp\/v2\/media?parent=1528"}],"wp:term":[{"taxonomy":"product_brand","embeddable":true,"href":"https:\/\/www.ateliermanufactura.com\/en\/wp-json\/wp\/v2\/product_brand?post=1528"},{"taxonomy":"product_cat","embeddable":true,"href":"https:\/\/www.ateliermanufactura.com\/en\/wp-json\/wp\/v2\/product_cat?post=1528"},{"taxonomy":"product_tag","embeddable":true,"href":"https:\/\/www.ateliermanufactura.com\/en\/wp-json\/wp\/v2\/product_tag?post=1528"}],"curies":[{"name":"wp","href":"https:\/\/api.w.org\/{rel}","templated":true}]}}