{"id":1261,"date":"2016-03-14T15:13:52","date_gmt":"2016-03-14T14:13:52","guid":{"rendered":"http:\/\/www.ateliermanufactura.com\/en\/product\/guillaume-de-lisle-map-of-the-world-1775\/"},"modified":"2022-09-13T14:22:02","modified_gmt":"2022-09-13T13:22:02","slug":"guillaume-de-lisle-map-of-the-world-1775","status":"publish","type":"product","link":"https:\/\/www.ateliermanufactura.com\/en\/product\/guillaume-de-lisle-map-of-the-world-1775\/","title":{"rendered":"L&#8217;Isle, Guillaume de &#8211; Map of the World (1775)"},"content":{"rendered":"<h1>Guillaume de L&#8217;Isle &#8211; Map of the World (1775)<\/h1>\n<p><strong>Title:<\/strong> Mappa totius mundi : adornata juxta observationes dnn. academiae regalis scientiarum et nonnullorum aliorum secundum annotationes recentissimas \/<br \/>\n<strong>Contributor Names:<\/strong> L&#8217;Isle, Guillaume de, 1675-1726. Lotter, Tobias Conrad, 1717-1777.<br \/>\n<strong>Created \/ Published:<\/strong> [Augsburg] : Prostat nunc in officina Tobiae Conradi Lotter, [1775?].<br \/>\n<strong>Medium:<\/strong> 1 map : hand col. ; 2 hemispheres each 32 cm. in diam., on sheet 50 x 68 cm.<br \/>\n<strong>Summary:<\/strong>\u00a0Earth.\u00a0Relief shown pictorially. Appears in Tobias Conrad Lotter&#8217;s Atlas g\u00e9ographique de cent et huit cartes g\u00e9n\u00e9rales et sp\u00e9ciales. Augsburg, 1778.\u00a0 Includes note, ill., and ancillary maps of the northern hemisphere and southern hemisphere.\u00a0Date principally obscured.<\/p>\n<address>\u00a9 Historical Institute of the Czech Academy of Sciences, Prague.<\/address>\n","protected":false},"excerpt":{"rendered":"<h2>Edition of hand-made paper prints.<\/h2>\n<p>Each sheet of paper is individually produced using traditional, hand-made technique.<br \/>\nSelection of material (100% cotton) and attention to detail garantees unique appearance of each sheet of paper with a minimum life expectancy of 300 years.<br \/>\nThe print is treated with UV filter to prevent fading.<br \/>\nProduction of paper:\u00a0Cartiera Amatruda, Amalfi, Italy.<br \/>\nPrinting: Atelier Manufactua\u00a9 Prague, Czech Republic.<\/p>\n","protected":false},"featured_media":3395,"comment_status":"open","ping_status":"closed","template":"","meta":[],"product_brand":[],"product_cat":[18,22],"product_tag":[79],"class_list":{"0":"post-1261","1":"product","2":"type-product","3":"status-publish","4":"has-post-thumbnail","6":"product_cat-new-products","7":"product_cat-old-maps","8":"product_tag-old-maps","9":"pa_size-a2-41-x-51-cm-340-gm2-ivory","11":"first","12":"instock","13":"taxable","14":"shipping-taxable","15":"purchasable","16":"product-type-variable"},"yoast_head":"<!-- This site is optimized with the Yoast SEO plugin v27.4 - https:\/\/yoast.com\/product\/yoast-seo-wordpress\/ -->\n<title>Guillaume de L&#039;Isle - Map of the World (1775)<\/title>\n<meta name=\"description\" content=\"Guillaume de L&#039;Isle - Map of the World (1775) Title: Mappa totius mundi : adornata juxta observationes dnn. academiae regalis scientiarum et nonnullorum aliorum secundum annotationes recentissimas \/ Contributor Names: L&#039;Isle, Guillaume de, 1675-1726. Lotter, Tobias Conrad, 1717-1777. Created \/ Published: [Augsburg] : Prostat nunc in officina Tobiae Conradi Lotter, [1775?]. Medium: 1 map : hand col. ; 2 hemispheres each 32 cm. in diam., on sheet 50 x 68 cm. Summary:\u00a0Earth.\u00a0Relief shown pictorially. Appears in Tobias Conrad Lotter&#039;s Atlas g\u00e9ographique de cent et huit cartes g\u00e9n\u00e9rales et sp\u00e9ciales. Augsburg, 1778.\u00a0 Includes note, ill., and ancillary maps of the northern hemisphere and southern hemisphere.\u00a0Date principally obscured.\" \/>\n<meta name=\"robots\" content=\"index, follow, max-snippet:-1, max-image-preview:large, max-video-preview:-1\" \/>\n<link rel=\"canonical\" href=\"https:\/\/www.ateliermanufactura.com\/en\/product\/guillaume-de-lisle-map-of-the-world-1775\/\" \/>\n<meta property=\"og:locale\" content=\"en_US\" \/>\n<meta property=\"og:type\" content=\"article\" \/>\n<meta property=\"og:title\" content=\"Guillaume de L&#039;Isle - Map of the World (1775)\" \/>\n<meta property=\"og:description\" content=\"Guillaume de L&#039;Isle - Map of the World (1775) Title: Mappa totius mundi : adornata juxta observationes dnn. academiae regalis scientiarum et nonnullorum aliorum secundum annotationes recentissimas \/ Contributor Names: L&#039;Isle, Guillaume de, 1675-1726. Lotter, Tobias Conrad, 1717-1777. Created \/ Published: [Augsburg] : Prostat nunc in officina Tobiae Conradi Lotter, [1775?]. Medium: 1 map : hand col. ; 2 hemispheres each 32 cm. in diam., on sheet 50 x 68 cm. Summary:\u00a0Earth.\u00a0Relief shown pictorially. Appears in Tobias Conrad Lotter&#039;s Atlas g\u00e9ographique de cent et huit cartes g\u00e9n\u00e9rales et sp\u00e9ciales. Augsburg, 1778.\u00a0 Includes note, ill., and ancillary maps of the northern hemisphere and southern hemisphere.\u00a0Date principally obscured.\" \/>\n<meta property=\"og:url\" content=\"https:\/\/www.ateliermanufactura.com\/en\/product\/guillaume-de-lisle-map-of-the-world-1775\/\" \/>\n<meta property=\"og:site_name\" content=\"Atelier Manufactura - Fine Art Print\" \/>\n<meta property=\"article:modified_time\" content=\"2022-09-13T13:22:02+00:00\" \/>\n<meta property=\"og:image\" content=\"https:\/\/www.ateliermanufactura.com\/en\/wp-content\/upLoads\/sites\/5\/2021\/03\/Lotter-Tobias_Mappa-totius-mundi.jpg\" \/>\n\t<meta property=\"og:image:width\" content=\"1000\" \/>\n\t<meta property=\"og:image:height\" content=\"1000\" \/>\n\t<meta property=\"og:image:type\" content=\"image\/jpeg\" \/>\n<meta name=\"twitter:label1\" content=\"Est. reading time\" \/>\n\t<meta name=\"twitter:data1\" content=\"1 minute\" \/>\n<script type=\"application\/ld+json\" class=\"yoast-schema-graph\">{\"@context\":\"https:\\\/\\\/schema.org\",\"@graph\":[{\"@type\":\"WebPage\",\"@id\":\"https:\\\/\\\/www.ateliermanufactura.com\\\/en\\\/product\\\/guillaume-de-lisle-map-of-the-world-1775\\\/\",\"url\":\"https:\\\/\\\/www.ateliermanufactura.com\\\/en\\\/product\\\/guillaume-de-lisle-map-of-the-world-1775\\\/\",\"name\":\"Guillaume de L'Isle - Map of the World (1775)\",\"isPartOf\":{\"@id\":\"https:\\\/\\\/www.ateliermanufactura.com\\\/en\\\/#website\"},\"primaryImageOfPage\":{\"@id\":\"https:\\\/\\\/www.ateliermanufactura.com\\\/en\\\/product\\\/guillaume-de-lisle-map-of-the-world-1775\\\/#primaryimage\"},\"image\":{\"@id\":\"https:\\\/\\\/www.ateliermanufactura.com\\\/en\\\/product\\\/guillaume-de-lisle-map-of-the-world-1775\\\/#primaryimage\"},\"thumbnailUrl\":\"https:\\\/\\\/www.ateliermanufactura.com\\\/en\\\/wp-content\\\/upLoads\\\/sites\\\/5\\\/2021\\\/03\\\/Lotter-Tobias_Mappa-totius-mundi.jpg\",\"datePublished\":\"2016-03-14T14:13:52+00:00\",\"dateModified\":\"2022-09-13T13:22:02+00:00\",\"description\":\"Guillaume de L'Isle - Map of the World (1775) Title: Mappa totius mundi : adornata juxta observationes dnn. academiae regalis scientiarum et nonnullorum aliorum secundum annotationes recentissimas \\\/ Contributor Names: L'Isle, Guillaume de, 1675-1726. Lotter, Tobias Conrad, 1717-1777. Created \\\/ Published: [Augsburg] : Prostat nunc in officina Tobiae Conradi Lotter, [1775?]. Medium: 1 map : hand col. ; 2 hemispheres each 32 cm. in diam., on sheet 50 x 68 cm. Summary:\u00a0Earth.\u00a0Relief shown pictorially. Appears in Tobias Conrad Lotter's Atlas g\u00e9ographique de cent et huit cartes g\u00e9n\u00e9rales et sp\u00e9ciales. Augsburg, 1778.\u00a0 Includes note, ill., and ancillary maps of the northern hemisphere and southern hemisphere.\u00a0Date principally obscured.\",\"breadcrumb\":{\"@id\":\"https:\\\/\\\/www.ateliermanufactura.com\\\/en\\\/product\\\/guillaume-de-lisle-map-of-the-world-1775\\\/#breadcrumb\"},\"inLanguage\":\"en-US\",\"potentialAction\":[{\"@type\":\"ReadAction\",\"target\":[\"https:\\\/\\\/www.ateliermanufactura.com\\\/en\\\/product\\\/guillaume-de-lisle-map-of-the-world-1775\\\/\"]}]},{\"@type\":\"ImageObject\",\"inLanguage\":\"en-US\",\"@id\":\"https:\\\/\\\/www.ateliermanufactura.com\\\/en\\\/product\\\/guillaume-de-lisle-map-of-the-world-1775\\\/#primaryimage\",\"url\":\"https:\\\/\\\/www.ateliermanufactura.com\\\/en\\\/wp-content\\\/upLoads\\\/sites\\\/5\\\/2021\\\/03\\\/Lotter-Tobias_Mappa-totius-mundi.jpg\",\"contentUrl\":\"https:\\\/\\\/www.ateliermanufactura.com\\\/en\\\/wp-content\\\/upLoads\\\/sites\\\/5\\\/2021\\\/03\\\/Lotter-Tobias_Mappa-totius-mundi.jpg\",\"width\":1000,\"height\":1000},{\"@type\":\"BreadcrumbList\",\"@id\":\"https:\\\/\\\/www.ateliermanufactura.com\\\/en\\\/product\\\/guillaume-de-lisle-map-of-the-world-1775\\\/#breadcrumb\",\"itemListElement\":[{\"@type\":\"ListItem\",\"position\":1,\"name\":\"Shop\",\"item\":\"https:\\\/\\\/www.ateliermanufactura.com\\\/en\\\/shop\\\/\"},{\"@type\":\"ListItem\",\"position\":2,\"name\":\"L&#8217;Isle, Guillaume de &#8211; Map of the World (1775)\"}]},{\"@type\":\"WebSite\",\"@id\":\"https:\\\/\\\/www.ateliermanufactura.com\\\/en\\\/#website\",\"url\":\"https:\\\/\\\/www.ateliermanufactura.com\\\/en\\\/\",\"name\":\"Atelier Manufactura - Fine Art Print\",\"description\":\"Atelier Manufactura - Fine Art Print on hand-made paper\",\"potentialAction\":[{\"@type\":\"SearchAction\",\"target\":{\"@type\":\"EntryPoint\",\"urlTemplate\":\"https:\\\/\\\/www.ateliermanufactura.com\\\/en\\\/?s={search_term_string}\"},\"query-input\":{\"@type\":\"PropertyValueSpecification\",\"valueRequired\":true,\"valueName\":\"search_term_string\"}}],\"inLanguage\":\"en-US\"}]}<\/script>\n<!-- \/ Yoast SEO plugin. -->","yoast_head_json":{"title":"Guillaume de L'Isle - Map of the World (1775)","description":"Guillaume de L'Isle - Map of the World (1775) Title: Mappa totius mundi : adornata juxta observationes dnn. academiae regalis scientiarum et nonnullorum aliorum secundum annotationes recentissimas \/ Contributor Names: L'Isle, Guillaume de, 1675-1726. Lotter, Tobias Conrad, 1717-1777. Created \/ Published: [Augsburg] : Prostat nunc in officina Tobiae Conradi Lotter, [1775?]. Medium: 1 map : hand col. ; 2 hemispheres each 32 cm. in diam., on sheet 50 x 68 cm. Summary:\u00a0Earth.\u00a0Relief shown pictorially. Appears in Tobias Conrad Lotter's Atlas g\u00e9ographique de cent et huit cartes g\u00e9n\u00e9rales et sp\u00e9ciales. Augsburg, 1778.\u00a0 Includes note, ill., and ancillary maps of the northern hemisphere and southern hemisphere.\u00a0Date principally obscured.","robots":{"index":"index","follow":"follow","max-snippet":"max-snippet:-1","max-image-preview":"max-image-preview:large","max-video-preview":"max-video-preview:-1"},"canonical":"https:\/\/www.ateliermanufactura.com\/en\/product\/guillaume-de-lisle-map-of-the-world-1775\/","og_locale":"en_US","og_type":"article","og_title":"Guillaume de L'Isle - Map of the World (1775)","og_description":"Guillaume de L'Isle - Map of the World (1775) Title: Mappa totius mundi : adornata juxta observationes dnn. academiae regalis scientiarum et nonnullorum aliorum secundum annotationes recentissimas \/ Contributor Names: L'Isle, Guillaume de, 1675-1726. Lotter, Tobias Conrad, 1717-1777. Created \/ Published: [Augsburg] : Prostat nunc in officina Tobiae Conradi Lotter, [1775?]. Medium: 1 map : hand col. ; 2 hemispheres each 32 cm. in diam., on sheet 50 x 68 cm. Summary:\u00a0Earth.\u00a0Relief shown pictorially. Appears in Tobias Conrad Lotter's Atlas g\u00e9ographique de cent et huit cartes g\u00e9n\u00e9rales et sp\u00e9ciales. Augsburg, 1778.\u00a0 Includes note, ill., and ancillary maps of the northern hemisphere and southern hemisphere.\u00a0Date principally obscured.","og_url":"https:\/\/www.ateliermanufactura.com\/en\/product\/guillaume-de-lisle-map-of-the-world-1775\/","og_site_name":"Atelier Manufactura - Fine Art Print","article_modified_time":"2022-09-13T13:22:02+00:00","og_image":[{"width":1000,"height":1000,"url":"https:\/\/www.ateliermanufactura.com\/en\/wp-content\/upLoads\/sites\/5\/2021\/03\/Lotter-Tobias_Mappa-totius-mundi.jpg","type":"image\/jpeg"}],"twitter_misc":{"Est. reading time":"1 minute"},"schema":{"@context":"https:\/\/schema.org","@graph":[{"@type":"WebPage","@id":"https:\/\/www.ateliermanufactura.com\/en\/product\/guillaume-de-lisle-map-of-the-world-1775\/","url":"https:\/\/www.ateliermanufactura.com\/en\/product\/guillaume-de-lisle-map-of-the-world-1775\/","name":"Guillaume de L'Isle - Map of the World (1775)","isPartOf":{"@id":"https:\/\/www.ateliermanufactura.com\/en\/#website"},"primaryImageOfPage":{"@id":"https:\/\/www.ateliermanufactura.com\/en\/product\/guillaume-de-lisle-map-of-the-world-1775\/#primaryimage"},"image":{"@id":"https:\/\/www.ateliermanufactura.com\/en\/product\/guillaume-de-lisle-map-of-the-world-1775\/#primaryimage"},"thumbnailUrl":"https:\/\/www.ateliermanufactura.com\/en\/wp-content\/upLoads\/sites\/5\/2021\/03\/Lotter-Tobias_Mappa-totius-mundi.jpg","datePublished":"2016-03-14T14:13:52+00:00","dateModified":"2022-09-13T13:22:02+00:00","description":"Guillaume de L'Isle - Map of the World (1775) Title: Mappa totius mundi : adornata juxta observationes dnn. academiae regalis scientiarum et nonnullorum aliorum secundum annotationes recentissimas \/ Contributor Names: L'Isle, Guillaume de, 1675-1726. Lotter, Tobias Conrad, 1717-1777. Created \/ Published: [Augsburg] : Prostat nunc in officina Tobiae Conradi Lotter, [1775?]. Medium: 1 map : hand col. ; 2 hemispheres each 32 cm. in diam., on sheet 50 x 68 cm. Summary:\u00a0Earth.\u00a0Relief shown pictorially. Appears in Tobias Conrad Lotter's Atlas g\u00e9ographique de cent et huit cartes g\u00e9n\u00e9rales et sp\u00e9ciales. Augsburg, 1778.\u00a0 Includes note, ill., and ancillary maps of the northern hemisphere and southern hemisphere.\u00a0Date principally obscured.","breadcrumb":{"@id":"https:\/\/www.ateliermanufactura.com\/en\/product\/guillaume-de-lisle-map-of-the-world-1775\/#breadcrumb"},"inLanguage":"en-US","potentialAction":[{"@type":"ReadAction","target":["https:\/\/www.ateliermanufactura.com\/en\/product\/guillaume-de-lisle-map-of-the-world-1775\/"]}]},{"@type":"ImageObject","inLanguage":"en-US","@id":"https:\/\/www.ateliermanufactura.com\/en\/product\/guillaume-de-lisle-map-of-the-world-1775\/#primaryimage","url":"https:\/\/www.ateliermanufactura.com\/en\/wp-content\/upLoads\/sites\/5\/2021\/03\/Lotter-Tobias_Mappa-totius-mundi.jpg","contentUrl":"https:\/\/www.ateliermanufactura.com\/en\/wp-content\/upLoads\/sites\/5\/2021\/03\/Lotter-Tobias_Mappa-totius-mundi.jpg","width":1000,"height":1000},{"@type":"BreadcrumbList","@id":"https:\/\/www.ateliermanufactura.com\/en\/product\/guillaume-de-lisle-map-of-the-world-1775\/#breadcrumb","itemListElement":[{"@type":"ListItem","position":1,"name":"Shop","item":"https:\/\/www.ateliermanufactura.com\/en\/shop\/"},{"@type":"ListItem","position":2,"name":"L&#8217;Isle, Guillaume de &#8211; Map of the World (1775)"}]},{"@type":"WebSite","@id":"https:\/\/www.ateliermanufactura.com\/en\/#website","url":"https:\/\/www.ateliermanufactura.com\/en\/","name":"Atelier Manufactura - Fine Art Print","description":"Atelier Manufactura - Fine Art Print on hand-made paper","potentialAction":[{"@type":"SearchAction","target":{"@type":"EntryPoint","urlTemplate":"https:\/\/www.ateliermanufactura.com\/en\/?s={search_term_string}"},"query-input":{"@type":"PropertyValueSpecification","valueRequired":true,"valueName":"search_term_string"}}],"inLanguage":"en-US"}]}},"_links":{"self":[{"href":"https:\/\/www.ateliermanufactura.com\/en\/wp-json\/wp\/v2\/product\/1261","targetHints":{"allow":["GET"]}}],"collection":[{"href":"https:\/\/www.ateliermanufactura.com\/en\/wp-json\/wp\/v2\/product"}],"about":[{"href":"https:\/\/www.ateliermanufactura.com\/en\/wp-json\/wp\/v2\/types\/product"}],"replies":[{"embeddable":true,"href":"https:\/\/www.ateliermanufactura.com\/en\/wp-json\/wp\/v2\/comments?post=1261"}],"wp:featuredmedia":[{"embeddable":true,"href":"https:\/\/www.ateliermanufactura.com\/en\/wp-json\/wp\/v2\/media\/3395"}],"wp:attachment":[{"href":"https:\/\/www.ateliermanufactura.com\/en\/wp-json\/wp\/v2\/media?parent=1261"}],"wp:term":[{"taxonomy":"product_brand","embeddable":true,"href":"https:\/\/www.ateliermanufactura.com\/en\/wp-json\/wp\/v2\/product_brand?post=1261"},{"taxonomy":"product_cat","embeddable":true,"href":"https:\/\/www.ateliermanufactura.com\/en\/wp-json\/wp\/v2\/product_cat?post=1261"},{"taxonomy":"product_tag","embeddable":true,"href":"https:\/\/www.ateliermanufactura.com\/en\/wp-json\/wp\/v2\/product_tag?post=1261"}],"curies":[{"name":"wp","href":"https:\/\/api.w.org\/{rel}","templated":true}]}}