{"id":1204,"date":"2016-03-11T15:55:22","date_gmt":"2016-03-11T14:55:22","guid":{"rendered":"http:\/\/www.ateliermanufactura.com\/en\/product\/katsushika-hokusai-sketch-of-tago-bay\/"},"modified":"2023-02-15T20:02:58","modified_gmt":"2023-02-15T19:02:58","slug":"katsushika-hokusai-sketch-of-tago-bay","status":"publish","type":"product","link":"https:\/\/www.ateliermanufactura.com\/en\/product\/katsushika-hokusai-sketch-of-tago-bay\/","title":{"rendered":"Hokusai Katsushika &#8211; A sketch of Tago Bay"},"content":{"rendered":"<h1>Katsushika Hokusai &#8211; A sketch of Tago Bay<\/h1>\n<p><strong>Title:<\/strong> T\u014dkaid\u014d ejiri tago no ura ryakuzu.<br \/>\n<strong>Title Translation:<\/strong>\u00a0A sketch of Tago Bay at Ejiri along the T\u014dkaid\u014d.<br \/>\n<strong>Creator:<\/strong> Katsushika, Hokusai, 1760-1849.<br \/>\n<strong>Date Created\/Published:<\/strong>\u00a0between 1826 and 1833, printed later.<br \/>\n<strong>Medium:<\/strong> 1 print : woodcut, color.<br \/>\n<strong>Summary:<\/strong> Print shows men rowing large boats on Tago Bay at the Ejiri station on the T\u014dkaid\u014d Road, with view of village along the shoreline and of Mount Fuji in the distance. From the series: Fugaku sanj\u016brokkei : 36 views of Mount Fuji.<\/p>\n<address>\u00a9\u00a0National Gallery Prague<\/address>\n","protected":false},"excerpt":{"rendered":"<h2>Edition of hand-made paper prints<\/h2>\n<p>Each sheet of paper is individually produced using traditional, hand-made technique.<br \/>\nSelection of material (100% cotton) and attention to detail garantees unique appearance of each sheet of paper with a minimum life expectancy of 300 years.<br \/>\nThe print is treated with UV filter to prevent fading.<br \/>\nProduction of paper:\u00a0Cartiera Amatruda, Amalfi, Italy<br \/>\nPrinting: Atelier Manufactura\u00a9 Prague<\/p>\n","protected":false},"featured_media":2183,"comment_status":"open","ping_status":"closed","template":"","meta":[],"product_brand":[],"product_cat":[23],"product_tag":[80,81],"class_list":{"0":"post-1204","1":"product","2":"type-product","3":"status-publish","4":"has-post-thumbnail","6":"product_cat-japanese-and-chinese-prints","7":"product_tag-japanese-woodblock","8":"product_tag-ukiyo-e","9":"pa_size-a2-41-x-51-cm-340-gm2-ivory","10":"pa_size-a3-40x30","12":"first","13":"instock","14":"taxable","15":"shipping-taxable","16":"purchasable","17":"product-type-variable"},"yoast_head":"<!-- This site is optimized with the Yoast SEO plugin v27.4 - https:\/\/yoast.com\/product\/yoast-seo-wordpress\/ -->\n<title>Katsushika Hokusai - A sketch of Tago Bay<\/title>\n<meta name=\"description\" content=\"Katsushika Hokusai - A sketch of Tago Bay. Print shows men rowing large boats on Tago Bay at the Ejiri station on the T\u014dkaid\u014d Road, with view of village along the shoreline and of Mount Fuji in the distance. From the series: Fugaku sanj\u016brokkei : 36 views of Mount Fuji.\" \/>\n<meta name=\"robots\" content=\"index, follow, max-snippet:-1, max-image-preview:large, max-video-preview:-1\" \/>\n<link rel=\"canonical\" href=\"https:\/\/www.ateliermanufactura.com\/en\/product\/katsushika-hokusai-sketch-of-tago-bay\/\" \/>\n<meta property=\"og:locale\" content=\"en_US\" \/>\n<meta property=\"og:type\" content=\"article\" \/>\n<meta property=\"og:title\" content=\"Katsushika Hokusai - A sketch of Tago Bay\" \/>\n<meta property=\"og:description\" content=\"Katsushika Hokusai - A sketch of Tago Bay. Print shows men rowing large boats on Tago Bay at the Ejiri station on the T\u014dkaid\u014d Road, with view of village along the shoreline and of Mount Fuji in the distance. From the series: Fugaku sanj\u016brokkei : 36 views of Mount Fuji.\" \/>\n<meta property=\"og:url\" content=\"https:\/\/www.ateliermanufactura.com\/en\/product\/katsushika-hokusai-sketch-of-tago-bay\/\" \/>\n<meta property=\"og:site_name\" content=\"Atelier Manufactura - Fine Art Print\" \/>\n<meta property=\"article:modified_time\" content=\"2023-02-15T19:02:58+00:00\" \/>\n<meta property=\"og:image\" content=\"https:\/\/www.ateliermanufactura.com\/en\/wp-content\/upLoads\/sites\/5\/2021\/03\/Hokusai-Kacusika-Zatoka-Tago-u-Tokaida.jpg\" \/>\n\t<meta property=\"og:image:width\" content=\"1000\" \/>\n\t<meta property=\"og:image:height\" content=\"1000\" \/>\n\t<meta property=\"og:image:type\" content=\"image\/jpeg\" \/>\n<script type=\"application\/ld+json\" class=\"yoast-schema-graph\">{\"@context\":\"https:\\\/\\\/schema.org\",\"@graph\":[{\"@type\":\"WebPage\",\"@id\":\"https:\\\/\\\/www.ateliermanufactura.com\\\/en\\\/product\\\/katsushika-hokusai-sketch-of-tago-bay\\\/\",\"url\":\"https:\\\/\\\/www.ateliermanufactura.com\\\/en\\\/product\\\/katsushika-hokusai-sketch-of-tago-bay\\\/\",\"name\":\"Katsushika Hokusai - A sketch of Tago Bay\",\"isPartOf\":{\"@id\":\"https:\\\/\\\/www.ateliermanufactura.com\\\/en\\\/#website\"},\"primaryImageOfPage\":{\"@id\":\"https:\\\/\\\/www.ateliermanufactura.com\\\/en\\\/product\\\/katsushika-hokusai-sketch-of-tago-bay\\\/#primaryimage\"},\"image\":{\"@id\":\"https:\\\/\\\/www.ateliermanufactura.com\\\/en\\\/product\\\/katsushika-hokusai-sketch-of-tago-bay\\\/#primaryimage\"},\"thumbnailUrl\":\"https:\\\/\\\/www.ateliermanufactura.com\\\/en\\\/wp-content\\\/upLoads\\\/sites\\\/5\\\/2021\\\/03\\\/Hokusai-Kacusika-Zatoka-Tago-u-Tokaida.jpg\",\"datePublished\":\"2016-03-11T14:55:22+00:00\",\"dateModified\":\"2023-02-15T19:02:58+00:00\",\"description\":\"Katsushika Hokusai - A sketch of Tago Bay. Print shows men rowing large boats on Tago Bay at the Ejiri station on the T\u014dkaid\u014d Road, with view of village along the shoreline and of Mount Fuji in the distance. From the series: Fugaku sanj\u016brokkei : 36 views of Mount Fuji.\",\"breadcrumb\":{\"@id\":\"https:\\\/\\\/www.ateliermanufactura.com\\\/en\\\/product\\\/katsushika-hokusai-sketch-of-tago-bay\\\/#breadcrumb\"},\"inLanguage\":\"en-US\",\"potentialAction\":[{\"@type\":\"ReadAction\",\"target\":[\"https:\\\/\\\/www.ateliermanufactura.com\\\/en\\\/product\\\/katsushika-hokusai-sketch-of-tago-bay\\\/\"]}]},{\"@type\":\"ImageObject\",\"inLanguage\":\"en-US\",\"@id\":\"https:\\\/\\\/www.ateliermanufactura.com\\\/en\\\/product\\\/katsushika-hokusai-sketch-of-tago-bay\\\/#primaryimage\",\"url\":\"https:\\\/\\\/www.ateliermanufactura.com\\\/en\\\/wp-content\\\/upLoads\\\/sites\\\/5\\\/2021\\\/03\\\/Hokusai-Kacusika-Zatoka-Tago-u-Tokaida.jpg\",\"contentUrl\":\"https:\\\/\\\/www.ateliermanufactura.com\\\/en\\\/wp-content\\\/upLoads\\\/sites\\\/5\\\/2021\\\/03\\\/Hokusai-Kacusika-Zatoka-Tago-u-Tokaida.jpg\",\"width\":1000,\"height\":1000},{\"@type\":\"BreadcrumbList\",\"@id\":\"https:\\\/\\\/www.ateliermanufactura.com\\\/en\\\/product\\\/katsushika-hokusai-sketch-of-tago-bay\\\/#breadcrumb\",\"itemListElement\":[{\"@type\":\"ListItem\",\"position\":1,\"name\":\"Shop\",\"item\":\"https:\\\/\\\/www.ateliermanufactura.com\\\/en\\\/shop\\\/\"},{\"@type\":\"ListItem\",\"position\":2,\"name\":\"Hokusai Katsushika &#8211; A sketch of Tago Bay\"}]},{\"@type\":\"WebSite\",\"@id\":\"https:\\\/\\\/www.ateliermanufactura.com\\\/en\\\/#website\",\"url\":\"https:\\\/\\\/www.ateliermanufactura.com\\\/en\\\/\",\"name\":\"Atelier Manufactura - Fine Art Print\",\"description\":\"Atelier Manufactura - Fine Art Print on hand-made paper\",\"potentialAction\":[{\"@type\":\"SearchAction\",\"target\":{\"@type\":\"EntryPoint\",\"urlTemplate\":\"https:\\\/\\\/www.ateliermanufactura.com\\\/en\\\/?s={search_term_string}\"},\"query-input\":{\"@type\":\"PropertyValueSpecification\",\"valueRequired\":true,\"valueName\":\"search_term_string\"}}],\"inLanguage\":\"en-US\"}]}<\/script>\n<!-- \/ Yoast SEO plugin. -->","yoast_head_json":{"title":"Katsushika Hokusai - A sketch of Tago Bay","description":"Katsushika Hokusai - A sketch of Tago Bay. Print shows men rowing large boats on Tago Bay at the Ejiri station on the T\u014dkaid\u014d Road, with view of village along the shoreline and of Mount Fuji in the distance. From the series: Fugaku sanj\u016brokkei : 36 views of Mount Fuji.","robots":{"index":"index","follow":"follow","max-snippet":"max-snippet:-1","max-image-preview":"max-image-preview:large","max-video-preview":"max-video-preview:-1"},"canonical":"https:\/\/www.ateliermanufactura.com\/en\/product\/katsushika-hokusai-sketch-of-tago-bay\/","og_locale":"en_US","og_type":"article","og_title":"Katsushika Hokusai - A sketch of Tago Bay","og_description":"Katsushika Hokusai - A sketch of Tago Bay. Print shows men rowing large boats on Tago Bay at the Ejiri station on the T\u014dkaid\u014d Road, with view of village along the shoreline and of Mount Fuji in the distance. From the series: Fugaku sanj\u016brokkei : 36 views of Mount Fuji.","og_url":"https:\/\/www.ateliermanufactura.com\/en\/product\/katsushika-hokusai-sketch-of-tago-bay\/","og_site_name":"Atelier Manufactura - Fine Art Print","article_modified_time":"2023-02-15T19:02:58+00:00","og_image":[{"width":1000,"height":1000,"url":"https:\/\/www.ateliermanufactura.com\/en\/wp-content\/upLoads\/sites\/5\/2021\/03\/Hokusai-Kacusika-Zatoka-Tago-u-Tokaida.jpg","type":"image\/jpeg"}],"schema":{"@context":"https:\/\/schema.org","@graph":[{"@type":"WebPage","@id":"https:\/\/www.ateliermanufactura.com\/en\/product\/katsushika-hokusai-sketch-of-tago-bay\/","url":"https:\/\/www.ateliermanufactura.com\/en\/product\/katsushika-hokusai-sketch-of-tago-bay\/","name":"Katsushika Hokusai - A sketch of Tago Bay","isPartOf":{"@id":"https:\/\/www.ateliermanufactura.com\/en\/#website"},"primaryImageOfPage":{"@id":"https:\/\/www.ateliermanufactura.com\/en\/product\/katsushika-hokusai-sketch-of-tago-bay\/#primaryimage"},"image":{"@id":"https:\/\/www.ateliermanufactura.com\/en\/product\/katsushika-hokusai-sketch-of-tago-bay\/#primaryimage"},"thumbnailUrl":"https:\/\/www.ateliermanufactura.com\/en\/wp-content\/upLoads\/sites\/5\/2021\/03\/Hokusai-Kacusika-Zatoka-Tago-u-Tokaida.jpg","datePublished":"2016-03-11T14:55:22+00:00","dateModified":"2023-02-15T19:02:58+00:00","description":"Katsushika Hokusai - A sketch of Tago Bay. Print shows men rowing large boats on Tago Bay at the Ejiri station on the T\u014dkaid\u014d Road, with view of village along the shoreline and of Mount Fuji in the distance. From the series: Fugaku sanj\u016brokkei : 36 views of Mount Fuji.","breadcrumb":{"@id":"https:\/\/www.ateliermanufactura.com\/en\/product\/katsushika-hokusai-sketch-of-tago-bay\/#breadcrumb"},"inLanguage":"en-US","potentialAction":[{"@type":"ReadAction","target":["https:\/\/www.ateliermanufactura.com\/en\/product\/katsushika-hokusai-sketch-of-tago-bay\/"]}]},{"@type":"ImageObject","inLanguage":"en-US","@id":"https:\/\/www.ateliermanufactura.com\/en\/product\/katsushika-hokusai-sketch-of-tago-bay\/#primaryimage","url":"https:\/\/www.ateliermanufactura.com\/en\/wp-content\/upLoads\/sites\/5\/2021\/03\/Hokusai-Kacusika-Zatoka-Tago-u-Tokaida.jpg","contentUrl":"https:\/\/www.ateliermanufactura.com\/en\/wp-content\/upLoads\/sites\/5\/2021\/03\/Hokusai-Kacusika-Zatoka-Tago-u-Tokaida.jpg","width":1000,"height":1000},{"@type":"BreadcrumbList","@id":"https:\/\/www.ateliermanufactura.com\/en\/product\/katsushika-hokusai-sketch-of-tago-bay\/#breadcrumb","itemListElement":[{"@type":"ListItem","position":1,"name":"Shop","item":"https:\/\/www.ateliermanufactura.com\/en\/shop\/"},{"@type":"ListItem","position":2,"name":"Hokusai Katsushika &#8211; A sketch of Tago Bay"}]},{"@type":"WebSite","@id":"https:\/\/www.ateliermanufactura.com\/en\/#website","url":"https:\/\/www.ateliermanufactura.com\/en\/","name":"Atelier Manufactura - Fine Art Print","description":"Atelier Manufactura - Fine Art Print on hand-made paper","potentialAction":[{"@type":"SearchAction","target":{"@type":"EntryPoint","urlTemplate":"https:\/\/www.ateliermanufactura.com\/en\/?s={search_term_string}"},"query-input":{"@type":"PropertyValueSpecification","valueRequired":true,"valueName":"search_term_string"}}],"inLanguage":"en-US"}]}},"_links":{"self":[{"href":"https:\/\/www.ateliermanufactura.com\/en\/wp-json\/wp\/v2\/product\/1204","targetHints":{"allow":["GET"]}}],"collection":[{"href":"https:\/\/www.ateliermanufactura.com\/en\/wp-json\/wp\/v2\/product"}],"about":[{"href":"https:\/\/www.ateliermanufactura.com\/en\/wp-json\/wp\/v2\/types\/product"}],"replies":[{"embeddable":true,"href":"https:\/\/www.ateliermanufactura.com\/en\/wp-json\/wp\/v2\/comments?post=1204"}],"wp:featuredmedia":[{"embeddable":true,"href":"https:\/\/www.ateliermanufactura.com\/en\/wp-json\/wp\/v2\/media\/2183"}],"wp:attachment":[{"href":"https:\/\/www.ateliermanufactura.com\/en\/wp-json\/wp\/v2\/media?parent=1204"}],"wp:term":[{"taxonomy":"product_brand","embeddable":true,"href":"https:\/\/www.ateliermanufactura.com\/en\/wp-json\/wp\/v2\/product_brand?post=1204"},{"taxonomy":"product_cat","embeddable":true,"href":"https:\/\/www.ateliermanufactura.com\/en\/wp-json\/wp\/v2\/product_cat?post=1204"},{"taxonomy":"product_tag","embeddable":true,"href":"https:\/\/www.ateliermanufactura.com\/en\/wp-json\/wp\/v2\/product_tag?post=1204"}],"curies":[{"name":"wp","href":"https:\/\/api.w.org\/{rel}","templated":true}]}}