{"id":1142,"date":"2016-03-10T16:45:22","date_gmt":"2016-03-10T15:45:22","guid":{"rendered":"http:\/\/www.ateliermanufactura.com\/en\/product\/carel-allard-celestial-chart-1700\/"},"modified":"2022-03-18T18:45:27","modified_gmt":"2022-03-18T17:45:27","slug":"carel-allard-celestial-chart-1700","status":"publish","type":"product","link":"https:\/\/www.ateliermanufactura.com\/en\/product\/carel-allard-celestial-chart-1700\/","title":{"rendered":"Allard Carel &#8211; Celestial chart (1700)"},"content":{"rendered":"<h1>Carel Allard &#8211; Celestial chart (1700)<\/h1>\n<p><strong>Title:<\/strong> Planisphaerii coelestis hemisphaerium meridionale : calculatum ad finem anni MDCC, pro aevo XVIII praesente \/<br \/>\n<strong>Contributor Names:\u00a0<\/strong>Allard, Carel, 1648-approximately 1709. C\u00f3vens et Mortier.<br \/>\n<strong>Created \/ Published: <\/strong>[Amsterdam] : I. C\u00f3vens et C. Mortier, [1700].<br \/>\n<strong>Medium:<\/strong> 1 chart : hand col., mounted on cloth backing ; 1 hemisphere, 41 cm. in diameter, on sheet 56 x 65 cm.<br \/>\n<strong>Summary: <\/strong>Shows hemispheric view with signs of the Zodiac and the constellations shown picorially. &#8220;Cum Privilegio Pontissimorum D D Ordinum Hollandiae et Westfrisiae&#8221;. Appears in: Atlas nouveau contenant toutes les parties du monde, o\u00f9 sont exactement marqu\u00e9s les empires, monarchies, royaumes, \u00e9tats, r\u00e9publiques &amp;c. Amsterdam: J. C\u00f3vens et C. Mortier, [1683-1761]. \u00a0Includes tables and notes concerning stars.-\u00a0 Insets: Solis observation novissima; Lunae effigies, nuper conspecto; Memoranda solis eclipsis; Mercurius; Venus; Mars; Jupiter; Saturnus.<\/p>\n<address>\u00a9 Historical Institute of the Czech Academy of Sciences, Prague.<\/address>\n","protected":false},"excerpt":{"rendered":"<h2>Edition of hand-made paper prints<\/h2>\n<p>Each sheet of paper is individually produced using traditional, hand-made technique.<br \/>\nSelection of material (100% cotton) and attention to detail garantees unique appearance of each sheet of paper with a minimum life expectancy of 300 years.<br \/>\nThe print is treated with UV filter to prevent fading.<br \/>\nProduction of paper:\u00a0Cartiera Amatruda, Amalfi, Italy.<br \/>\nPrinting: Atelier Manufactua\u00a9 Prague, Czech Republic.<\/p>\n","protected":false},"featured_media":1112,"comment_status":"open","ping_status":"closed","template":"","meta":[],"product_brand":[],"product_cat":[18,22],"product_tag":[79],"class_list":{"0":"post-1142","1":"product","2":"type-product","3":"status-publish","4":"has-post-thumbnail","6":"product_cat-new-products","7":"product_cat-old-maps","8":"product_tag-old-maps","9":"pa_size-a2-41-x-51-cm-340-gm2-ivory","10":"pa_size-a3-40x30","12":"first","13":"instock","14":"taxable","15":"shipping-taxable","16":"purchasable","17":"product-type-variable"},"yoast_head":"<!-- This site is optimized with the Yoast SEO plugin v27.0 - https:\/\/yoast.com\/product\/yoast-seo-wordpress\/ -->\n<title>Carel Allard - Celestial chart (1700)<\/title>\n<meta name=\"description\" content=\"Carel Allard - Celestial chart (1700)Title: Planisphaerii coelestis hemisphaerium meridionale : calculatum ad finem anni MDCC, pro aevo XVIII praesente \/Contributor Names:\u00a0Allard, Carel, 1648-approximately 1709. C\u00f3vens et Mortier.Created \/ Published: [Amsterdam] : I. C\u00f3vens et C. Mortier, [1700].Medium: 1 chart : hand col., mounted on cloth backing ; 1 hemisphere, 41 cm. in diameter, on sheet 56 x 65 cm.Summary: Shows hemispheric view with signs of the Zodiac and the constellations shown picorially. &quot;Cum Privilegio Pontissimorum D D Ordinum Hollandiae et Westfrisiae&quot;. Appears in: Atlas nouveau contenant toutes les parties du monde, o\u00f9 sont exactement marqu\u00e9s les empires, monarchies, royaumes, \u00e9tats, r\u00e9publiques &amp;c. Amsterdam: J. C\u00f3vens et C. Mortier, [1683-1761]. \u00a0Includes tables and notes concerning stars.-\u00a0 Insets: Solis observation novissima; Lunae effigies, nuper conspecto; Memoranda solis eclipsis; Mercurius; Venus; Mars; Jupiter; Saturnus.\" \/>\n<meta name=\"robots\" content=\"index, follow, max-snippet:-1, max-image-preview:large, max-video-preview:-1\" \/>\n<link rel=\"canonical\" href=\"https:\/\/www.ateliermanufactura.com\/en\/product\/carel-allard-celestial-chart-1700\/\" \/>\n<meta property=\"og:locale\" content=\"en_US\" \/>\n<meta property=\"og:type\" content=\"article\" \/>\n<meta property=\"og:title\" content=\"Carel Allard - Celestial chart (1700)\" \/>\n<meta property=\"og:description\" content=\"Carel Allard - Celestial chart (1700)Title: Planisphaerii coelestis hemisphaerium meridionale : calculatum ad finem anni MDCC, pro aevo XVIII praesente \/Contributor Names:\u00a0Allard, Carel, 1648-approximately 1709. C\u00f3vens et Mortier.Created \/ Published: [Amsterdam] : I. C\u00f3vens et C. Mortier, [1700].Medium: 1 chart : hand col., mounted on cloth backing ; 1 hemisphere, 41 cm. in diameter, on sheet 56 x 65 cm.Summary: Shows hemispheric view with signs of the Zodiac and the constellations shown picorially. &quot;Cum Privilegio Pontissimorum D D Ordinum Hollandiae et Westfrisiae&quot;. Appears in: Atlas nouveau contenant toutes les parties du monde, o\u00f9 sont exactement marqu\u00e9s les empires, monarchies, royaumes, \u00e9tats, r\u00e9publiques &amp;c. Amsterdam: J. C\u00f3vens et C. Mortier, [1683-1761]. \u00a0Includes tables and notes concerning stars.-\u00a0 Insets: Solis observation novissima; Lunae effigies, nuper conspecto; Memoranda solis eclipsis; Mercurius; Venus; Mars; Jupiter; Saturnus.\" \/>\n<meta property=\"og:url\" content=\"https:\/\/www.ateliermanufactura.com\/en\/product\/carel-allard-celestial-chart-1700\/\" \/>\n<meta property=\"og:site_name\" content=\"Atelier Manufactura - Fine Art Print\" \/>\n<meta property=\"article:modified_time\" content=\"2022-03-18T17:45:27+00:00\" \/>\n<meta property=\"og:image\" content=\"https:\/\/www.ateliermanufactura.com\/en\/wp-content\/upLoads\/sites\/5\/2016\/03\/Allard-Carel-Planisphaerii-coelestis-hemisphaerium-Mapa.jpg\" \/>\n\t<meta property=\"og:image:width\" content=\"1000\" \/>\n\t<meta property=\"og:image:height\" content=\"1000\" \/>\n\t<meta property=\"og:image:type\" content=\"image\/jpeg\" \/>\n<meta name=\"twitter:label1\" content=\"Est. reading time\" \/>\n\t<meta name=\"twitter:data1\" content=\"1 minute\" \/>\n<script type=\"application\/ld+json\" class=\"yoast-schema-graph\">{\"@context\":\"https:\/\/schema.org\",\"@graph\":[{\"@type\":\"WebPage\",\"@id\":\"https:\/\/www.ateliermanufactura.com\/en\/product\/carel-allard-celestial-chart-1700\/\",\"url\":\"https:\/\/www.ateliermanufactura.com\/en\/product\/carel-allard-celestial-chart-1700\/\",\"name\":\"Carel Allard - Celestial chart (1700)\",\"isPartOf\":{\"@id\":\"https:\/\/www.ateliermanufactura.com\/en\/#website\"},\"primaryImageOfPage\":{\"@id\":\"https:\/\/www.ateliermanufactura.com\/en\/product\/carel-allard-celestial-chart-1700\/#primaryimage\"},\"image\":{\"@id\":\"https:\/\/www.ateliermanufactura.com\/en\/product\/carel-allard-celestial-chart-1700\/#primaryimage\"},\"thumbnailUrl\":\"https:\/\/www.ateliermanufactura.com\/en\/wp-content\/upLoads\/sites\/5\/2016\/03\/Allard-Carel-Planisphaerii-coelestis-hemisphaerium-Mapa.jpg\",\"datePublished\":\"2016-03-10T15:45:22+00:00\",\"dateModified\":\"2022-03-18T17:45:27+00:00\",\"description\":\"Carel Allard - Celestial chart (1700)Title: Planisphaerii coelestis hemisphaerium meridionale : calculatum ad finem anni MDCC, pro aevo XVIII praesente \/Contributor Names:\u00a0Allard, Carel, 1648-approximately 1709. C\u00f3vens et Mortier.Created \/ Published: [Amsterdam] : I. C\u00f3vens et C. Mortier, [1700].Medium: 1 chart : hand col., mounted on cloth backing ; 1 hemisphere, 41 cm. in diameter, on sheet 56 x 65 cm.Summary: Shows hemispheric view with signs of the Zodiac and the constellations shown picorially. \\\"Cum Privilegio Pontissimorum D D Ordinum Hollandiae et Westfrisiae\\\". Appears in: Atlas nouveau contenant toutes les parties du monde, o\u00f9 sont exactement marqu\u00e9s les empires, monarchies, royaumes, \u00e9tats, r\u00e9publiques &c. Amsterdam: J. C\u00f3vens et C. Mortier, [1683-1761]. \u00a0Includes tables and notes concerning stars.-\u00a0 Insets: Solis observation novissima; Lunae effigies, nuper conspecto; Memoranda solis eclipsis; Mercurius; Venus; Mars; Jupiter; Saturnus.\",\"breadcrumb\":{\"@id\":\"https:\/\/www.ateliermanufactura.com\/en\/product\/carel-allard-celestial-chart-1700\/#breadcrumb\"},\"inLanguage\":\"en-US\",\"potentialAction\":[{\"@type\":\"ReadAction\",\"target\":[\"https:\/\/www.ateliermanufactura.com\/en\/product\/carel-allard-celestial-chart-1700\/\"]}]},{\"@type\":\"ImageObject\",\"inLanguage\":\"en-US\",\"@id\":\"https:\/\/www.ateliermanufactura.com\/en\/product\/carel-allard-celestial-chart-1700\/#primaryimage\",\"url\":\"https:\/\/www.ateliermanufactura.com\/en\/wp-content\/upLoads\/sites\/5\/2016\/03\/Allard-Carel-Planisphaerii-coelestis-hemisphaerium-Mapa.jpg\",\"contentUrl\":\"https:\/\/www.ateliermanufactura.com\/en\/wp-content\/upLoads\/sites\/5\/2016\/03\/Allard-Carel-Planisphaerii-coelestis-hemisphaerium-Mapa.jpg\",\"width\":1000,\"height\":1000,\"caption\":\"Carel Allard \u2013 Celestial chart (1700)\"},{\"@type\":\"BreadcrumbList\",\"@id\":\"https:\/\/www.ateliermanufactura.com\/en\/product\/carel-allard-celestial-chart-1700\/#breadcrumb\",\"itemListElement\":[{\"@type\":\"ListItem\",\"position\":1,\"name\":\"Shop\",\"item\":\"https:\/\/www.ateliermanufactura.com\/en\/shop\/\"},{\"@type\":\"ListItem\",\"position\":2,\"name\":\"Allard Carel &#8211; Celestial chart (1700)\"}]},{\"@type\":\"WebSite\",\"@id\":\"https:\/\/www.ateliermanufactura.com\/en\/#website\",\"url\":\"https:\/\/www.ateliermanufactura.com\/en\/\",\"name\":\"Atelier Manufactura - Fine Art Print\",\"description\":\"Atelier Manufactura - Fine Art Print on hand-made paper\",\"potentialAction\":[{\"@type\":\"SearchAction\",\"target\":{\"@type\":\"EntryPoint\",\"urlTemplate\":\"https:\/\/www.ateliermanufactura.com\/en\/?s={search_term_string}\"},\"query-input\":{\"@type\":\"PropertyValueSpecification\",\"valueRequired\":true,\"valueName\":\"search_term_string\"}}],\"inLanguage\":\"en-US\"}]}<\/script>\n<!-- \/ Yoast SEO plugin. -->","yoast_head_json":{"title":"Carel Allard - Celestial chart (1700)","description":"Carel Allard - Celestial chart (1700)Title: Planisphaerii coelestis hemisphaerium meridionale : calculatum ad finem anni MDCC, pro aevo XVIII praesente \/Contributor Names:\u00a0Allard, Carel, 1648-approximately 1709. C\u00f3vens et Mortier.Created \/ Published: [Amsterdam] : I. C\u00f3vens et C. Mortier, [1700].Medium: 1 chart : hand col., mounted on cloth backing ; 1 hemisphere, 41 cm. in diameter, on sheet 56 x 65 cm.Summary: Shows hemispheric view with signs of the Zodiac and the constellations shown picorially. \"Cum Privilegio Pontissimorum D D Ordinum Hollandiae et Westfrisiae\". Appears in: Atlas nouveau contenant toutes les parties du monde, o\u00f9 sont exactement marqu\u00e9s les empires, monarchies, royaumes, \u00e9tats, r\u00e9publiques &c. Amsterdam: J. C\u00f3vens et C. Mortier, [1683-1761]. \u00a0Includes tables and notes concerning stars.-\u00a0 Insets: Solis observation novissima; Lunae effigies, nuper conspecto; Memoranda solis eclipsis; Mercurius; Venus; Mars; Jupiter; Saturnus.","robots":{"index":"index","follow":"follow","max-snippet":"max-snippet:-1","max-image-preview":"max-image-preview:large","max-video-preview":"max-video-preview:-1"},"canonical":"https:\/\/www.ateliermanufactura.com\/en\/product\/carel-allard-celestial-chart-1700\/","og_locale":"en_US","og_type":"article","og_title":"Carel Allard - Celestial chart (1700)","og_description":"Carel Allard - Celestial chart (1700)Title: Planisphaerii coelestis hemisphaerium meridionale : calculatum ad finem anni MDCC, pro aevo XVIII praesente \/Contributor Names:\u00a0Allard, Carel, 1648-approximately 1709. C\u00f3vens et Mortier.Created \/ Published: [Amsterdam] : I. C\u00f3vens et C. Mortier, [1700].Medium: 1 chart : hand col., mounted on cloth backing ; 1 hemisphere, 41 cm. in diameter, on sheet 56 x 65 cm.Summary: Shows hemispheric view with signs of the Zodiac and the constellations shown picorially. \"Cum Privilegio Pontissimorum D D Ordinum Hollandiae et Westfrisiae\". Appears in: Atlas nouveau contenant toutes les parties du monde, o\u00f9 sont exactement marqu\u00e9s les empires, monarchies, royaumes, \u00e9tats, r\u00e9publiques &c. Amsterdam: J. C\u00f3vens et C. Mortier, [1683-1761]. \u00a0Includes tables and notes concerning stars.-\u00a0 Insets: Solis observation novissima; Lunae effigies, nuper conspecto; Memoranda solis eclipsis; Mercurius; Venus; Mars; Jupiter; Saturnus.","og_url":"https:\/\/www.ateliermanufactura.com\/en\/product\/carel-allard-celestial-chart-1700\/","og_site_name":"Atelier Manufactura - Fine Art Print","article_modified_time":"2022-03-18T17:45:27+00:00","og_image":[{"width":1000,"height":1000,"url":"https:\/\/www.ateliermanufactura.com\/en\/wp-content\/upLoads\/sites\/5\/2016\/03\/Allard-Carel-Planisphaerii-coelestis-hemisphaerium-Mapa.jpg","type":"image\/jpeg"}],"twitter_misc":{"Est. reading time":"1 minute"},"schema":{"@context":"https:\/\/schema.org","@graph":[{"@type":"WebPage","@id":"https:\/\/www.ateliermanufactura.com\/en\/product\/carel-allard-celestial-chart-1700\/","url":"https:\/\/www.ateliermanufactura.com\/en\/product\/carel-allard-celestial-chart-1700\/","name":"Carel Allard - Celestial chart (1700)","isPartOf":{"@id":"https:\/\/www.ateliermanufactura.com\/en\/#website"},"primaryImageOfPage":{"@id":"https:\/\/www.ateliermanufactura.com\/en\/product\/carel-allard-celestial-chart-1700\/#primaryimage"},"image":{"@id":"https:\/\/www.ateliermanufactura.com\/en\/product\/carel-allard-celestial-chart-1700\/#primaryimage"},"thumbnailUrl":"https:\/\/www.ateliermanufactura.com\/en\/wp-content\/upLoads\/sites\/5\/2016\/03\/Allard-Carel-Planisphaerii-coelestis-hemisphaerium-Mapa.jpg","datePublished":"2016-03-10T15:45:22+00:00","dateModified":"2022-03-18T17:45:27+00:00","description":"Carel Allard - Celestial chart (1700)Title: Planisphaerii coelestis hemisphaerium meridionale : calculatum ad finem anni MDCC, pro aevo XVIII praesente \/Contributor Names:\u00a0Allard, Carel, 1648-approximately 1709. C\u00f3vens et Mortier.Created \/ Published: [Amsterdam] : I. C\u00f3vens et C. Mortier, [1700].Medium: 1 chart : hand col., mounted on cloth backing ; 1 hemisphere, 41 cm. in diameter, on sheet 56 x 65 cm.Summary: Shows hemispheric view with signs of the Zodiac and the constellations shown picorially. \"Cum Privilegio Pontissimorum D D Ordinum Hollandiae et Westfrisiae\". Appears in: Atlas nouveau contenant toutes les parties du monde, o\u00f9 sont exactement marqu\u00e9s les empires, monarchies, royaumes, \u00e9tats, r\u00e9publiques &c. Amsterdam: J. C\u00f3vens et C. Mortier, [1683-1761]. \u00a0Includes tables and notes concerning stars.-\u00a0 Insets: Solis observation novissima; Lunae effigies, nuper conspecto; Memoranda solis eclipsis; Mercurius; Venus; Mars; Jupiter; Saturnus.","breadcrumb":{"@id":"https:\/\/www.ateliermanufactura.com\/en\/product\/carel-allard-celestial-chart-1700\/#breadcrumb"},"inLanguage":"en-US","potentialAction":[{"@type":"ReadAction","target":["https:\/\/www.ateliermanufactura.com\/en\/product\/carel-allard-celestial-chart-1700\/"]}]},{"@type":"ImageObject","inLanguage":"en-US","@id":"https:\/\/www.ateliermanufactura.com\/en\/product\/carel-allard-celestial-chart-1700\/#primaryimage","url":"https:\/\/www.ateliermanufactura.com\/en\/wp-content\/upLoads\/sites\/5\/2016\/03\/Allard-Carel-Planisphaerii-coelestis-hemisphaerium-Mapa.jpg","contentUrl":"https:\/\/www.ateliermanufactura.com\/en\/wp-content\/upLoads\/sites\/5\/2016\/03\/Allard-Carel-Planisphaerii-coelestis-hemisphaerium-Mapa.jpg","width":1000,"height":1000,"caption":"Carel Allard \u2013 Celestial chart (1700)"},{"@type":"BreadcrumbList","@id":"https:\/\/www.ateliermanufactura.com\/en\/product\/carel-allard-celestial-chart-1700\/#breadcrumb","itemListElement":[{"@type":"ListItem","position":1,"name":"Shop","item":"https:\/\/www.ateliermanufactura.com\/en\/shop\/"},{"@type":"ListItem","position":2,"name":"Allard Carel &#8211; Celestial chart (1700)"}]},{"@type":"WebSite","@id":"https:\/\/www.ateliermanufactura.com\/en\/#website","url":"https:\/\/www.ateliermanufactura.com\/en\/","name":"Atelier Manufactura - Fine Art Print","description":"Atelier Manufactura - Fine Art Print on hand-made paper","potentialAction":[{"@type":"SearchAction","target":{"@type":"EntryPoint","urlTemplate":"https:\/\/www.ateliermanufactura.com\/en\/?s={search_term_string}"},"query-input":{"@type":"PropertyValueSpecification","valueRequired":true,"valueName":"search_term_string"}}],"inLanguage":"en-US"}]}},"_links":{"self":[{"href":"https:\/\/www.ateliermanufactura.com\/en\/wp-json\/wp\/v2\/product\/1142","targetHints":{"allow":["GET"]}}],"collection":[{"href":"https:\/\/www.ateliermanufactura.com\/en\/wp-json\/wp\/v2\/product"}],"about":[{"href":"https:\/\/www.ateliermanufactura.com\/en\/wp-json\/wp\/v2\/types\/product"}],"replies":[{"embeddable":true,"href":"https:\/\/www.ateliermanufactura.com\/en\/wp-json\/wp\/v2\/comments?post=1142"}],"wp:featuredmedia":[{"embeddable":true,"href":"https:\/\/www.ateliermanufactura.com\/en\/wp-json\/wp\/v2\/media\/1112"}],"wp:attachment":[{"href":"https:\/\/www.ateliermanufactura.com\/en\/wp-json\/wp\/v2\/media?parent=1142"}],"wp:term":[{"taxonomy":"product_brand","embeddable":true,"href":"https:\/\/www.ateliermanufactura.com\/en\/wp-json\/wp\/v2\/product_brand?post=1142"},{"taxonomy":"product_cat","embeddable":true,"href":"https:\/\/www.ateliermanufactura.com\/en\/wp-json\/wp\/v2\/product_cat?post=1142"},{"taxonomy":"product_tag","embeddable":true,"href":"https:\/\/www.ateliermanufactura.com\/en\/wp-json\/wp\/v2\/product_tag?post=1142"}],"curies":[{"name":"wp","href":"https:\/\/api.w.org\/{rel}","templated":true}]}}