{"id":462,"date":"2011-09-07T00:30:34","date_gmt":"2011-09-07T00:30:34","guid":{"rendered":"http:\/\/www.kriesi.at\/themes\/corona\/?page_id=462"},"modified":"2025-03-05T13:41:39","modified_gmt":"2025-03-05T12:41:39","slug":"contact-2","status":"publish","type":"page","link":"https:\/\/www.ateliermanufactura.com\/en\/contact-2\/","title":{"rendered":"Contact"},"content":{"rendered":"<section  class='av_textblock_section av-ahimu-3a850e76053b0bbc8aa5420bc54bf56a '   itemscope=\"itemscope\" itemtype=\"https:\/\/schema.org\/CreativeWork\" ><div class='avia_textblock'  itemprop=\"text\" ><h3>Address atelier \/ office<\/h3>\n<p>Atelier Manufactura\u00ae<br \/>\nN\u00e1dra\u017en\u00ed 893\/46, Prague, Czech Republic<br \/>\n<span style=\"line-height: 1.5em;\">Tel.: 00420 608 077 686<br \/>\ne-mail: info@ateliermanufactura.com<\/span><\/p>\n<h2><\/h2>\n<\/div><\/section>\n","protected":false},"excerpt":{"rendered":"","protected":false},"author":1,"featured_media":0,"parent":0,"menu_order":0,"comment_status":"closed","ping_status":"open","template":"","meta":{"footnotes":""},"class_list":["post-462","page","type-page","status-publish","hentry"],"yoast_head":"<!-- This site is optimized with the Yoast SEO plugin v27.4 - https:\/\/yoast.com\/product\/yoast-seo-wordpress\/ -->\n<title>Contact - Atelier Manufactura - Fine Art Print<\/title>\n<meta name=\"robots\" content=\"index, follow, max-snippet:-1, max-image-preview:large, max-video-preview:-1\" \/>\n<link rel=\"canonical\" href=\"https:\/\/www.ateliermanufactura.com\/en\/contact-2\/\" \/>\n<meta property=\"og:locale\" content=\"en_US\" \/>\n<meta property=\"og:type\" content=\"article\" \/>\n<meta property=\"og:title\" content=\"Contact - Atelier Manufactura - Fine Art Print\" \/>\n<meta property=\"og:url\" content=\"https:\/\/www.ateliermanufactura.com\/en\/contact-2\/\" \/>\n<meta property=\"og:site_name\" content=\"Atelier Manufactura - Fine Art Print\" \/>\n<meta property=\"article:modified_time\" content=\"2025-03-05T12:41:39+00:00\" \/>\n<meta name=\"twitter:label1\" content=\"Est. reading time\" \/>\n\t<meta name=\"twitter:data1\" content=\"1 minute\" \/>\n<script type=\"application\/ld+json\" class=\"yoast-schema-graph\">{\"@context\":\"https:\\\/\\\/schema.org\",\"@graph\":[{\"@type\":\"WebPage\",\"@id\":\"https:\\\/\\\/www.ateliermanufactura.com\\\/en\\\/contact-2\\\/\",\"url\":\"https:\\\/\\\/www.ateliermanufactura.com\\\/en\\\/contact-2\\\/\",\"name\":\"Contact - Atelier Manufactura - Fine Art Print\",\"isPartOf\":{\"@id\":\"https:\\\/\\\/www.ateliermanufactura.com\\\/en\\\/#website\"},\"datePublished\":\"2011-09-07T00:30:34+00:00\",\"dateModified\":\"2025-03-05T12:41:39+00:00\",\"inLanguage\":\"en-US\",\"potentialAction\":[{\"@type\":\"ReadAction\",\"target\":[\"https:\\\/\\\/www.ateliermanufactura.com\\\/en\\\/contact-2\\\/\"]}]},{\"@type\":\"WebSite\",\"@id\":\"https:\\\/\\\/www.ateliermanufactura.com\\\/en\\\/#website\",\"url\":\"https:\\\/\\\/www.ateliermanufactura.com\\\/en\\\/\",\"name\":\"Atelier Manufactura - Fine Art Print\",\"description\":\"Atelier Manufactura - Fine Art Print on hand-made paper\",\"potentialAction\":[{\"@type\":\"SearchAction\",\"target\":{\"@type\":\"EntryPoint\",\"urlTemplate\":\"https:\\\/\\\/www.ateliermanufactura.com\\\/en\\\/?s={search_term_string}\"},\"query-input\":{\"@type\":\"PropertyValueSpecification\",\"valueRequired\":true,\"valueName\":\"search_term_string\"}}],\"inLanguage\":\"en-US\"}]}<\/script>\n<!-- \/ Yoast SEO plugin. -->","yoast_head_json":{"title":"Contact - Atelier Manufactura - Fine Art Print","robots":{"index":"index","follow":"follow","max-snippet":"max-snippet:-1","max-image-preview":"max-image-preview:large","max-video-preview":"max-video-preview:-1"},"canonical":"https:\/\/www.ateliermanufactura.com\/en\/contact-2\/","og_locale":"en_US","og_type":"article","og_title":"Contact - Atelier Manufactura - Fine Art Print","og_url":"https:\/\/www.ateliermanufactura.com\/en\/contact-2\/","og_site_name":"Atelier Manufactura - Fine Art Print","article_modified_time":"2025-03-05T12:41:39+00:00","twitter_misc":{"Est. reading time":"1 minute"},"schema":{"@context":"https:\/\/schema.org","@graph":[{"@type":"WebPage","@id":"https:\/\/www.ateliermanufactura.com\/en\/contact-2\/","url":"https:\/\/www.ateliermanufactura.com\/en\/contact-2\/","name":"Contact - Atelier Manufactura - Fine Art Print","isPartOf":{"@id":"https:\/\/www.ateliermanufactura.com\/en\/#website"},"datePublished":"2011-09-07T00:30:34+00:00","dateModified":"2025-03-05T12:41:39+00:00","inLanguage":"en-US","potentialAction":[{"@type":"ReadAction","target":["https:\/\/www.ateliermanufactura.com\/en\/contact-2\/"]}]},{"@type":"WebSite","@id":"https:\/\/www.ateliermanufactura.com\/en\/#website","url":"https:\/\/www.ateliermanufactura.com\/en\/","name":"Atelier Manufactura - Fine Art Print","description":"Atelier Manufactura - Fine Art Print on hand-made paper","potentialAction":[{"@type":"SearchAction","target":{"@type":"EntryPoint","urlTemplate":"https:\/\/www.ateliermanufactura.com\/en\/?s={search_term_string}"},"query-input":{"@type":"PropertyValueSpecification","valueRequired":true,"valueName":"search_term_string"}}],"inLanguage":"en-US"}]}},"_links":{"self":[{"href":"https:\/\/www.ateliermanufactura.com\/en\/wp-json\/wp\/v2\/pages\/462","targetHints":{"allow":["GET"]}}],"collection":[{"href":"https:\/\/www.ateliermanufactura.com\/en\/wp-json\/wp\/v2\/pages"}],"about":[{"href":"https:\/\/www.ateliermanufactura.com\/en\/wp-json\/wp\/v2\/types\/page"}],"author":[{"embeddable":true,"href":"https:\/\/www.ateliermanufactura.com\/en\/wp-json\/wp\/v2\/users\/1"}],"replies":[{"embeddable":true,"href":"https:\/\/www.ateliermanufactura.com\/en\/wp-json\/wp\/v2\/comments?post=462"}],"version-history":[{"count":19,"href":"https:\/\/www.ateliermanufactura.com\/en\/wp-json\/wp\/v2\/pages\/462\/revisions"}],"predecessor-version":[{"id":4130,"href":"https:\/\/www.ateliermanufactura.com\/en\/wp-json\/wp\/v2\/pages\/462\/revisions\/4130"}],"wp:attachment":[{"href":"https:\/\/www.ateliermanufactura.com\/en\/wp-json\/wp\/v2\/media?parent=462"}],"curies":[{"name":"wp","href":"https:\/\/api.w.org\/{rel}","templated":true}]}}